{"id":545,"date":"2021-11-03T09:22:07","date_gmt":"2021-11-03T09:22:07","guid":{"rendered":"https:\/\/ancavasile.happy-media.eu\/?page_id=545"},"modified":"2023-01-26T13:43:50","modified_gmt":"2023-01-26T13:43:50","slug":"termeni-si-conditii","status":"publish","type":"page","link":"https:\/\/ancavasile777energywave.com\/en\/termeni-si-conditii\/","title":{"rendered":"Termeni \u0219i condi\u021bii"},"content":{"rendered":"<div data-elementor-type=\"wp-page\" data-elementor-id=\"545\" class=\"elementor elementor-545\" data-elementor-post-type=\"page\">\n\t\t\t\t\t\t\t\t\t<section class=\"elementor-section elementor-top-section elementor-element elementor-element-80e7fec elementor-section-full_width elementor-section-height-default elementor-section-height-default\" data-id=\"80e7fec\" data-element_type=\"section\" data-settings=\"{&quot;background_background&quot;:&quot;classic&quot;}\">\n\t\t\t\t\t\t<div class=\"elementor-container elementor-column-gap-no\">\n\t\t\t\t\t<div class=\"elementor-column elementor-col-100 elementor-top-column elementor-element elementor-element-d229992\" data-id=\"d229992\" data-element_type=\"column\">\n\t\t\t<div class=\"elementor-widget-wrap elementor-element-populated\">\n\t\t\t\t\t\t\t\t<div class=\"elementor-element elementor-element-d3e454d elementor-widget elementor-widget-heading\" data-id=\"d3e454d\" data-element_type=\"widget\" data-widget_type=\"heading.default\">\n\t\t\t\t<div class=\"elementor-widget-container\">\n\t\t\t<style>\/*! elementor - v3.16.0 - 20-09-2023 *\/\n.elementor-heading-title{padding:0;margin:0;line-height:1}.elementor-widget-heading .elementor-heading-title[class*=elementor-size-]>a{color:inherit;font-size:inherit;line-height:inherit}.elementor-widget-heading .elementor-heading-title.elementor-size-small{font-size:15px}.elementor-widget-heading .elementor-heading-title.elementor-size-medium{font-size:19px}.elementor-widget-heading .elementor-heading-title.elementor-size-large{font-size:29px}.elementor-widget-heading .elementor-heading-title.elementor-size-xl{font-size:39px}.elementor-widget-heading .elementor-heading-title.elementor-size-xxl{font-size:59px}<\/style><h2 class=\"elementor-heading-title elementor-size-default\">Termeni \u0219i condi\u021bii<\/h2>\t\t<\/div>\n\t\t\t\t<\/div>\n\t\t\t\t<div class=\"elementor-element elementor-element-14d8685 elementor-widget elementor-widget-text-editor\" data-id=\"14d8685\" data-element_type=\"widget\" data-widget_type=\"text-editor.default\">\n\t\t\t\t<div class=\"elementor-widget-container\">\n\t\t\t<style>\/*! elementor - v3.16.0 - 20-09-2023 *\/\n.elementor-widget-text-editor.elementor-drop-cap-view-stacked .elementor-drop-cap{background-color:#69727d;color:#fff}.elementor-widget-text-editor.elementor-drop-cap-view-framed .elementor-drop-cap{color:#69727d;border:3px solid;background-color:transparent}.elementor-widget-text-editor:not(.elementor-drop-cap-view-default) .elementor-drop-cap{margin-top:8px}.elementor-widget-text-editor:not(.elementor-drop-cap-view-default) .elementor-drop-cap-letter{width:1em;height:1em}.elementor-widget-text-editor .elementor-drop-cap{float:left;text-align:center;line-height:1;font-size:50px}.elementor-widget-text-editor .elementor-drop-cap-letter{display:inline-block}<\/style>\t\t\t\t<p>Politica de confiden\u021bialitate v\u0103 este pus\u0103 la dispozi\u021bie la \u00eenceputul interac\u021biunii cu noi, prin intermediul site-ului web. Datele au fost colectate de www.ancavasile33journey.com.<\/p><p>Ancavasile33journey.com colecteaz\u0103 informa\u021biile dumneavoastr\u0103 personale (numele complet, num\u0103rul de telefon, adresa de e-mail, sexul, IP-ul \u0219i preferin\u021bele de limb\u0103 ale browserului pe care \u00eel folosi\u021bi) atunci c\u00e2nd ne contacta\u021bi prin formularul de contact, telefonic sau prin e-mail. Informa\u021biile pe care ni le furniza\u021bi pot include numele, adresa, adresa de e-mail si num\u0103rul de telefon, sexul, precum \u0219i alte informa\u021bii, dup\u0103 caz.<\/p><p>De asemenea, nu vom colecta sau prelucra date cu caracter personal sensibile legate de dumneavoastr\u0103, precum informa\u021biile despre originea etnic\u0103 sau rasial\u0103, confesiunea religioas\u0103, opiniile politice, convingerile filozofice, via\u021ba\/orientarea sexual\u0103 ori s\u0103n\u0103tatea), cu excep\u021bia cazului \u00een care vom fi obliga\u021bi s\u0103 facem acest lucru prin lege \u0219i\/sau \u00een cazul \u00een care ne ve\u021bi furniza consim\u021b\u0103m\u00e2ntul dumneavoastr\u0103 explicit, \u00een mod separat. Dac\u0103 ne ve\u021bi furniza, \u00een mod voluntar, date cu caracter personal (inclusiv date cu caracter personal sensibile) prin intermediul interac\u021biunii dumneavoastr\u0103 cu website-ul nostru sau prin coresponden\u021b\u0103 direct\u0103 cu noi prin telefon, e-mail sau \u00een orice alt\u0103 modalitate, din proprie voin\u021b\u0103 \u0219i nu la cererea noastr\u0103, vom \u0219terge datele din sistemele noastre, dac\u0103 nu vom considera c\u0103 prelucrarea acestora este necesar\u0103 pentru un scop legitim al ancavasile33journey.com<\/p><p>V\u0103 aducem la cuno\u0219tin\u021b\u0103 faptul c\u0103 de fiecare dat\u0103 c\u00e2nd ne ve\u021bi vizita website-ul, vom colecta automat urm\u0103toarele date:<br \/>1) Date tehnice, care pot include: Adresa Internet Protocol (IP), utilizat\u0103 pentru conectarea calculatorului dumneavoastr\u0103 la internet, tipul \u0219i versiunea de browser, informa\u021biile de conectare, tipurile \u0219i versiunile extensiilor de browser (plug-in), setarea fusului orar, sistemul \u0219i platforma de operare, tipul \u0219i marca dispozitivului mobil. Aceste date pot fi colectate \u0219i prelucrate numai cu consim\u021b\u0103m\u00e2ntul dumneavoastr\u0103 prin intermediul fi\u0219ierelor de tip cookie ale ter\u021belor p\u0103r\u021bi. Informa\u021bii suplimentare despre acest subiect pute\u021bi g\u0103si \u00een sec\u021biunea: Politica Cookies.<\/p><p>2) Date despre vizita dumneavoastr\u0103, care pot include: calea complet\u0103 c\u0103tre resursa accesat\u0103 (URL-ul), informa\u021biile sau produsele pe care le-a\u021bi c\u0103utat sau vizualizat (inclusiv articolele de top citite, categoriile de top accesate), secven\u021ba de click-uri c\u0103tre, prin \u0219i de la website-ul nostru (inclusiv data \u0219i ora), timpii de r\u0103spuns al paginilor, erorile de desc\u0103rcare, durata vizitelor pe anumite pagini (inclusiv timpul mediu petrecut pe anumite pagini, vizionarea anumitor con\u021binuturi), timpul mediu petrecut \u00eentr-o aplica\u021bie \u0219i num\u0103rul de vizualiz\u0103ri din astfel de aplica\u021bii, num\u0103rul mediu de articole vizualizate pe website-ul nostru, informa\u021bii privind interac\u021biunea cu paginile (cum ar fi derularea, click-urile \u0219i trecerile de mouse), metodele folosite pentru a naviga pe pagin\u0103, datele despre comportamentul utilizatorilor \u0219i orice num\u0103r de telefon folosit pentru a apela sau orice adresa de e-mail folosit\u0103 pentru a contacta reprezentan\u021bii departamentului nostru de servicii pentru clien\u021bi.<\/p><p>Scopul de utilizare a datelor<br \/>Ancavasile33journey.com colecteaz\u0103 date cu caracter personal pe pagina site-ului, numai cu acordul voluntar al clientului, iar scopurile sunt urm\u0103toarele: rezolvarea problemelor de orice natur\u0103, care se refer\u0103 la program\u0103rile efectuate \u0219i la cele ce au fost anulate, contactarea clientului, la cererea sa voluntar\u0103 ori \u00een chestiuni de rela\u021bii cu clien\u021bii. Astfel c\u0103 ancavasile33journey.com are permisiunea de a prelucra datele cu caracter personal (cele de identificare \u0219i de contact), \u00een vederea furniz\u0103rii serviciilor \u0219i efectu\u0103rii pl\u0103\u021bilor \u00een baza contractelor relevante, inclusiv a abonamentelor achizi\u021bionate.<\/p><p>De asemenea, putem prelucra datele cu caracter personal pentru a v\u0103 putea oferi informa\u021biile necesare despre servicii ori bunuri, despre care consider\u0103m c\u0103 v\u0103 intereseaz\u0103. \u00cen cazul \u00een care sunte\u021bi deja un client al brandului nostru, v\u0103 vom contacta numai prin intermediul e-mail-ului, deoarece avem \u00een baza de date informa\u021bii despre dumneavoastr\u0103, \u00een urma serviciilor care au f\u0103cut obiectul unei v\u00e2nz\u0103ri anterioare sau unei negocieri \u00een vederea v\u00e2nz\u0103rii, cu excep\u021bia cazului \u00een care a\u021bi optat pentru alt\u0103 metod\u0103 de contact. Iar dac\u0103 sunte\u021bi un client nou, v\u0103 vom contacta prin mijloace electronice numai dac\u0103 avem acordul dumneavoastr\u0103 prealabil.<\/p><p>Exist\u0103 \u0219i posibilitatea de a nu v\u0103 folosi datele personale \u00een acest fel, dar trebuie s\u0103 bifa\u021bi caseta din formularul de \u00eenregistrare, referitoare la colectarea datelor cu caracter personal. Putem, de asemenea, s\u0103 v\u0103 folosim datele cu caracter personal pentru a \u00een\u021belege con\u021binutul preferat \u0219i pentru a oferi con\u021binut relevant pentru dumneavoastr\u0103; pentru a v\u0103 permite s\u0103 participa\u021bi la caracteristicile interactive ale serviciului nostru, atunci c\u00e2nd alege\u021bi s\u0103 face\u021bi acest lucru; pentru a m\u0103sura sau a \u00een\u021belege eficacitatea publicit\u0103\u021bii pe care o oferi; pentru a face sugestii \u0219i recomand\u0103ri despre serviciile sau produsele care ar putea s\u0103 v\u0103 intereseze.<\/p><p>Comunicare<br \/>Cu acordul dumneavoastr\u0103, v\u0103 putem trimite newslettere, alerte periodice, recomand\u0103ri de articole, mesaje administrative sau de ordin tehnic, ce au leg\u0103tur\u0103 cu serviciile \u0219i produsele pe care le oferim, prin intermediul apelului telefonic \u0219i\/sau e-mail. Acestea fac parte din categoria mesajelor de marketing, pe care dumneavoastr\u0103 alege\u021bi dac\u0103 dori\u021bi s\u0103 le primi\u021bi sau nu.<\/p><p>Securitate<br \/>Datele dumneavoastr\u0103 privind adresa IP \u0219i istoricul de conectare vor putea fi folosite din motive de securitate, menite s\u0103 monitorizeze \u0219i, implicit, s\u0103 previn\u0103 eventualele \u00eenc\u0103lc\u0103ri \u0219i\/sau fraude ale Acordului de utilizare ori a Politicii de confidentialitate, care ar putea s\u0103 \u00eei afecteze \u0219i pe ceilal\u021bi vizitatori\/clien\u021bi de-ai no\u0219tri. Ancavasile33journey.com v\u0103 asigur\u0103 c\u0103 nu va distribui niciuna din informa\u021biile personale pe care le-a\u021bi furnizat c\u0103tre agen\u021bii sau agen\u021bi de publicitate. Ele vor fi p\u0103strare \u00een condi\u021bii de siguran\u021b\u0103 \u0219i folosite doar \u00een scopurile enumerate mai sus. Chiar dac\u0103 sunte\u021bi client sau doar vizitator, v\u0103 oferim dreptul de a modifica sau \u0219terge datele pe care ni le-a\u021bi oferit. \u0218tergerea sau modificarea datelor \u00een timp ce apela\u021bi la serviciile noastre pot afecta modul \u00een care oferim aceste servicii ori chiar \u00eencetarea lor.<\/p>\t\t\t\t\t\t<\/div>\n\t\t\t\t<\/div>\n\t\t\t\t\t<\/div>\n\t\t<\/div>\n\t\t\t\t\t\t\t<\/div>\n\t\t<\/section>\n\t\t\t\t\t\t\t<\/div>","protected":false},"excerpt":{"rendered":"<p>Termeni \u0219i condi\u021bii Politica de confiden\u021bialitate v\u0103 este pus\u0103 la dispozi\u021bie la \u00eenceputul interac\u021biunii cu noi, prin intermediul site-ului web. Datele au fost colectate de www.ancavasile33journey.com. Ancavasile33journey.com colecteaz\u0103 informa\u021biile dumneavoastr\u0103 personale (numele complet, num\u0103rul de telefon, adresa de e-mail, sexul, IP-ul \u0219i preferin\u021bele de limb\u0103 ale browserului pe care \u00eel folosi\u021bi) atunci c\u00e2nd ne contacta\u021bi [&hellip;]<\/p>","protected":false},"author":1,"featured_media":0,"parent":0,"menu_order":0,"comment_status":"closed","ping_status":"closed","template":"elementor_header_footer","meta":{"footnotes":""},"class_list":["post-545","page","type-page","status-publish","hentry"],"yoast_head":"<!-- This site is optimized with the Yoast SEO Premium plugin v17.8 (Yoast SEO v21.2) - https:\/\/yoast.com\/wordpress\/plugins\/seo\/ -->\n<title>Termeni \u0219i condi\u021bii - Anca Vasile<\/title>\n<meta name=\"robots\" content=\"index, follow, max-snippet:-1, max-image-preview:large, max-video-preview:-1\" \/>\n<link rel=\"canonical\" href=\"https:\/\/ancavasile777energywave.com\/en\/termeni-si-conditii\/\" \/>\n<meta property=\"og:locale\" content=\"en_GB\" \/>\n<meta property=\"og:type\" content=\"article\" \/>\n<meta property=\"og:title\" content=\"Termeni \u0219i condi\u021bii\" \/>\n<meta property=\"og:description\" content=\"Termeni \u0219i condi\u021bii Politica de confiden\u021bialitate v\u0103 este pus\u0103 la dispozi\u021bie la \u00eenceputul interac\u021biunii cu noi, prin intermediul site-ului web. Datele au fost colectate de www.ancavasile33journey.com. Ancavasile33journey.com colecteaz\u0103 informa\u021biile dumneavoastr\u0103 personale (numele complet, num\u0103rul de telefon, adresa de e-mail, sexul, IP-ul \u0219i preferin\u021bele de limb\u0103 ale browserului pe care \u00eel folosi\u021bi) atunci c\u00e2nd ne contacta\u021bi [&hellip;]\" \/>\n<meta property=\"og:url\" content=\"https:\/\/ancavasile777energywave.com\/en\/termeni-si-conditii\/\" \/>\n<meta property=\"og:site_name\" content=\"Anca Vasile\" \/>\n<meta property=\"article:modified_time\" content=\"2023-01-26T13:43:50+00:00\" \/>\n<meta name=\"twitter:card\" content=\"summary_large_image\" \/>\n<meta name=\"twitter:label1\" content=\"Estimated reading time\" \/>\n\t<meta name=\"twitter:data1\" content=\"6 minutes\" \/>\n<script type=\"application\/ld+json\" class=\"yoast-schema-graph\">{\"@context\":\"https:\/\/schema.org\",\"@graph\":[{\"@type\":\"WebPage\",\"@id\":\"https:\/\/ancavasile777energywave.com\/termeni-si-conditii\/\",\"url\":\"https:\/\/ancavasile777energywave.com\/termeni-si-conditii\/\",\"name\":\"Termeni \u0219i condi\u021bii - Anca Vasile\",\"isPartOf\":{\"@id\":\"https:\/\/ancavasile777energywave.com\/#website\"},\"datePublished\":\"2021-11-03T09:22:07+00:00\",\"dateModified\":\"2023-01-26T13:43:50+00:00\",\"breadcrumb\":{\"@id\":\"https:\/\/ancavasile777energywave.com\/termeni-si-conditii\/#breadcrumb\"},\"inLanguage\":\"en-GB\",\"potentialAction\":[{\"@type\":\"ReadAction\",\"target\":[\"https:\/\/ancavasile777energywave.com\/termeni-si-conditii\/\"]}]},{\"@type\":\"BreadcrumbList\",\"@id\":\"https:\/\/ancavasile777energywave.com\/termeni-si-conditii\/#breadcrumb\",\"itemListElement\":[{\"@type\":\"ListItem\",\"position\":1,\"name\":\"Home\",\"item\":\"https:\/\/ancavasile777energywave.com\/\"},{\"@type\":\"ListItem\",\"position\":2,\"name\":\"Termeni \u0219i condi\u021bii\"}]},{\"@type\":\"WebSite\",\"@id\":\"https:\/\/ancavasile777energywave.com\/#website\",\"url\":\"https:\/\/ancavasile777energywave.com\/\",\"name\":\"Anca Vasile\",\"description\":\"\",\"publisher\":{\"@id\":\"https:\/\/ancavasile777energywave.com\/#\/schema\/person\/31c2197a3f2a2cfea7cf0b51f9f668d1\"},\"potentialAction\":[{\"@type\":\"SearchAction\",\"target\":{\"@type\":\"EntryPoint\",\"urlTemplate\":\"https:\/\/ancavasile777energywave.com\/?s={search_term_string}\"},\"query-input\":\"required name=search_term_string\"}],\"inLanguage\":\"en-GB\"},{\"@type\":[\"Person\",\"Organization\"],\"@id\":\"https:\/\/ancavasile777energywave.com\/#\/schema\/person\/31c2197a3f2a2cfea7cf0b51f9f668d1\",\"name\":\"ancamin\",\"image\":{\"@type\":\"ImageObject\",\"inLanguage\":\"en-GB\",\"@id\":\"https:\/\/ancavasile777energywave.com\/#\/schema\/person\/image\/\",\"url\":\"https:\/\/ancavasile777energywave.com\/wp-content\/uploads\/2021\/12\/fav.png\",\"contentUrl\":\"https:\/\/ancavasile777energywave.com\/wp-content\/uploads\/2021\/12\/fav.png\",\"width\":100,\"height\":100,\"caption\":\"ancamin\"},\"logo\":{\"@id\":\"https:\/\/ancavasile777energywave.com\/#\/schema\/person\/image\/\"},\"sameAs\":[\"https:\/\/ancavasile777energywave.com\"]}]}<\/script>\n<!-- \/ Yoast SEO Premium plugin. -->","yoast_head_json":{"title":"Termeni \u0219i condi\u021bii - Anca Vasile","robots":{"index":"index","follow":"follow","max-snippet":"max-snippet:-1","max-image-preview":"max-image-preview:large","max-video-preview":"max-video-preview:-1"},"canonical":"https:\/\/ancavasile777energywave.com\/en\/termeni-si-conditii\/","og_locale":"en_GB","og_type":"article","og_title":"Termeni \u0219i condi\u021bii","og_description":"Termeni \u0219i condi\u021bii Politica de confiden\u021bialitate v\u0103 este pus\u0103 la dispozi\u021bie la \u00eenceputul interac\u021biunii cu noi, prin intermediul site-ului web. Datele au fost colectate de www.ancavasile33journey.com. Ancavasile33journey.com colecteaz\u0103 informa\u021biile dumneavoastr\u0103 personale (numele complet, num\u0103rul de telefon, adresa de e-mail, sexul, IP-ul \u0219i preferin\u021bele de limb\u0103 ale browserului pe care \u00eel folosi\u021bi) atunci c\u00e2nd ne contacta\u021bi [&hellip;]","og_url":"https:\/\/ancavasile777energywave.com\/en\/termeni-si-conditii\/","og_site_name":"Anca Vasile","article_modified_time":"2023-01-26T13:43:50+00:00","twitter_card":"summary_large_image","twitter_misc":{"Estimated reading time":"6 minutes"},"schema":{"@context":"https:\/\/schema.org","@graph":[{"@type":"WebPage","@id":"https:\/\/ancavasile777energywave.com\/termeni-si-conditii\/","url":"https:\/\/ancavasile777energywave.com\/termeni-si-conditii\/","name":"Termeni \u0219i condi\u021bii - Anca Vasile","isPartOf":{"@id":"https:\/\/ancavasile777energywave.com\/#website"},"datePublished":"2021-11-03T09:22:07+00:00","dateModified":"2023-01-26T13:43:50+00:00","breadcrumb":{"@id":"https:\/\/ancavasile777energywave.com\/termeni-si-conditii\/#breadcrumb"},"inLanguage":"en-GB","potentialAction":[{"@type":"ReadAction","target":["https:\/\/ancavasile777energywave.com\/termeni-si-conditii\/"]}]},{"@type":"BreadcrumbList","@id":"https:\/\/ancavasile777energywave.com\/termeni-si-conditii\/#breadcrumb","itemListElement":[{"@type":"ListItem","position":1,"name":"Home","item":"https:\/\/ancavasile777energywave.com\/"},{"@type":"ListItem","position":2,"name":"Termeni \u0219i condi\u021bii"}]},{"@type":"WebSite","@id":"https:\/\/ancavasile777energywave.com\/#website","url":"https:\/\/ancavasile777energywave.com\/","name":"Anca Vasile","description":"","publisher":{"@id":"https:\/\/ancavasile777energywave.com\/#\/schema\/person\/31c2197a3f2a2cfea7cf0b51f9f668d1"},"potentialAction":[{"@type":"SearchAction","target":{"@type":"EntryPoint","urlTemplate":"https:\/\/ancavasile777energywave.com\/?s={search_term_string}"},"query-input":"required name=search_term_string"}],"inLanguage":"en-GB"},{"@type":["Person","Organization"],"@id":"https:\/\/ancavasile777energywave.com\/#\/schema\/person\/31c2197a3f2a2cfea7cf0b51f9f668d1","name":"ancamin","image":{"@type":"ImageObject","inLanguage":"en-GB","@id":"https:\/\/ancavasile777energywave.com\/#\/schema\/person\/image\/","url":"https:\/\/ancavasile777energywave.com\/wp-content\/uploads\/2021\/12\/fav.png","contentUrl":"https:\/\/ancavasile777energywave.com\/wp-content\/uploads\/2021\/12\/fav.png","width":100,"height":100,"caption":"ancamin"},"logo":{"@id":"https:\/\/ancavasile777energywave.com\/#\/schema\/person\/image\/"},"sameAs":["https:\/\/ancavasile777energywave.com"]}]}},"_links":{"self":[{"href":"https:\/\/ancavasile777energywave.com\/en\/wp-json\/wp\/v2\/pages\/545","targetHints":{"allow":["GET"]}}],"collection":[{"href":"https:\/\/ancavasile777energywave.com\/en\/wp-json\/wp\/v2\/pages"}],"about":[{"href":"https:\/\/ancavasile777energywave.com\/en\/wp-json\/wp\/v2\/types\/page"}],"author":[{"embeddable":true,"href":"https:\/\/ancavasile777energywave.com\/en\/wp-json\/wp\/v2\/users\/1"}],"replies":[{"embeddable":true,"href":"https:\/\/ancavasile777energywave.com\/en\/wp-json\/wp\/v2\/comments?post=545"}],"version-history":[{"count":22,"href":"https:\/\/ancavasile777energywave.com\/en\/wp-json\/wp\/v2\/pages\/545\/revisions"}],"predecessor-version":[{"id":1893,"href":"https:\/\/ancavasile777energywave.com\/en\/wp-json\/wp\/v2\/pages\/545\/revisions\/1893"}],"wp:attachment":[{"href":"https:\/\/ancavasile777energywave.com\/en\/wp-json\/wp\/v2\/media?parent=545"}],"curies":[{"name":"wp","href":"https:\/\/api.w.org\/{rel}","templated":true}]}}